{"id":6197,"date":"2026-04-12T17:57:06","date_gmt":"2026-04-12T17:57:06","guid":{"rendered":"https:\/\/fpsoft.com.ar\/sfds2\/?post_type=product&#038;p=6197"},"modified":"2026-05-06T21:32:26","modified_gmt":"2026-05-06T21:32:26","slug":"transmisor-bluetooth-auto-reproductor-inalambrico-luces-led","status":"publish","type":"product","link":"https:\/\/fpsoft.com.ar\/sfds2\/producto\/transmisor-bluetooth-auto-reproductor-inalambrico-luces-led\/","title":{"rendered":"Transmisor Bluetooth Auto Reproductor Inal\u00e1mbrico Luces Led"},"content":{"rendered":"<p>REPRODUCTOR INAL\u00c1MBRICO RECEPTOR BLUETOOTH PARA AUTO Caracter\u00edsticas: \u2022 Sistema de manos libres. \u2022 Luces RGB incorporadas. \u2022 Micr\u00f3fono integrado. \u2022 Doble puerto USB. \u2022 Puerto USB Tipo C. \u2022 Ranura para tarjeta SD.<\/p>\n","protected":false},"excerpt":{"rendered":"<p>REPRODUCTOR INAL\u00c1MBRICO RECEPTOR BLUETOOTH PARA AUTO Caracter\u00edsticas: \u2022 Sistema de manos libres. \u2022 Luces RGB incorporadas. \u2022 Micr\u00f3fono integrado. \u2022 Doble puerto USB. \u2022 Puerto USB Tipo C. \u2022 Ranura para tarjeta SD.<\/p>\n","protected":false},"featured_media":3030,"comment_status":"open","ping_status":"closed","template":"","meta":{"_kad_post_transparent":"","_kad_post_title":"","_kad_post_layout":"","_kad_post_sidebar_id":"","_kad_post_content_style":"","_kad_post_vertical_padding":"","_kad_post_feature":"","_kad_post_feature_position":"","_kad_post_header":false,"_kad_post_footer":false},"product_brand":[],"product_cat":[1135],"product_tag":[],"class_list":{"0":"post-6197","1":"product","2":"type-product","3":"status-publish","4":"has-post-thumbnail","6":"product_cat-accesorios-vehiculos","8":"first","9":"instock","10":"taxable","11":"shipping-taxable","12":"purchasable","13":"product-type-simple","14":"entry","15":"content-bg","16":"loop-entry"},"jetpack_sharing_enabled":true,"_links":{"self":[{"href":"https:\/\/fpsoft.com.ar\/sfds2\/wp-json\/wp\/v2\/product\/6197","targetHints":{"allow":["GET"]}}],"collection":[{"href":"https:\/\/fpsoft.com.ar\/sfds2\/wp-json\/wp\/v2\/product"}],"about":[{"href":"https:\/\/fpsoft.com.ar\/sfds2\/wp-json\/wp\/v2\/types\/product"}],"replies":[{"embeddable":true,"href":"https:\/\/fpsoft.com.ar\/sfds2\/wp-json\/wp\/v2\/comments?post=6197"}],"wp:featuredmedia":[{"embeddable":true,"href":"https:\/\/fpsoft.com.ar\/sfds2\/wp-json\/wp\/v2\/media\/3030"}],"wp:attachment":[{"href":"https:\/\/fpsoft.com.ar\/sfds2\/wp-json\/wp\/v2\/media?parent=6197"}],"wp:term":[{"taxonomy":"product_brand","embeddable":true,"href":"https:\/\/fpsoft.com.ar\/sfds2\/wp-json\/wp\/v2\/product_brand?post=6197"},{"taxonomy":"product_cat","embeddable":true,"href":"https:\/\/fpsoft.com.ar\/sfds2\/wp-json\/wp\/v2\/product_cat?post=6197"},{"taxonomy":"product_tag","embeddable":true,"href":"https:\/\/fpsoft.com.ar\/sfds2\/wp-json\/wp\/v2\/product_tag?post=6197"}],"curies":[{"name":"wp","href":"https:\/\/api.w.org\/{rel}","templated":true}]}}