{"id":6168,"date":"2026-04-12T17:55:50","date_gmt":"2026-04-12T17:55:50","guid":{"rendered":"https:\/\/fpsoft.com.ar\/sfds2\/?post_type=product&#038;p=6168"},"modified":"2026-05-06T21:32:27","modified_gmt":"2026-05-06T21:32:27","slug":"parlantes-para-auto-coaxiales-ts-g6920e-23x16-cm-900w-3-vias","status":"publish","type":"product","link":"https:\/\/fpsoft.com.ar\/sfds2\/producto\/parlantes-para-auto-coaxiales-ts-g6920e-23x16-cm-900w-3-vias\/","title":{"rendered":"Parlantes Para Auto Coaxiales Ts-g6920e 23&#215;16 Cm 900w 3 V\u00edas"},"content":{"rendered":"<p>PARLANTES PARA AUTO COAXIALES TS-G6920E 23X16 CM 900W 3 V\u00cdAS Caracter\u00edsticas: &#8211; La respuesta de frecuencia amplia ofrece una reproducci\u00f3n completa de graves y agudos. &#8211; Altavoz coaxial de 3 v\u00edas &#8211; Potencia nominal: 100W &#8211; Impedancia: 4 OHMS &#8211; Potencia m\u00e1x: 900W &#8211; Woofer: 163x237mm &#8211; Sensibilidad: 93dB &#8211; Tweeter: 66mm Color: Negro<\/p>\n","protected":false},"excerpt":{"rendered":"<p>PARLANTES PARA AUTO COAXIALES TS-G6920E 23X16 CM 900W 3 V\u00cdAS Caracter\u00edsticas: &#8211; La respuesta de frecuencia amplia ofrece una reproducci\u00f3n completa de graves y agudos. &#8211; Altavoz coaxial de 3 v\u00edas &#8211; Potencia nominal: 100W &#8211; Impedancia: 4 OHMS &#8211; Potencia m\u00e1x: 900W &#8211; Woofer: 163x237mm &#8211; Sensibilidad: 93dB &#8211; Tweeter: 66mm Color: Negro<\/p>\n","protected":false},"featured_media":302,"comment_status":"open","ping_status":"closed","template":"","meta":{"_kad_post_transparent":"","_kad_post_title":"","_kad_post_layout":"","_kad_post_sidebar_id":"","_kad_post_content_style":"","_kad_post_vertical_padding":"","_kad_post_feature":"","_kad_post_feature_position":"","_kad_post_header":false,"_kad_post_footer":false},"product_brand":[],"product_cat":[1135],"product_tag":[],"class_list":{"0":"post-6168","1":"product","2":"type-product","3":"status-publish","4":"has-post-thumbnail","6":"product_cat-accesorios-vehiculos","8":"first","9":"instock","10":"taxable","11":"shipping-taxable","12":"purchasable","13":"product-type-simple","14":"entry","15":"content-bg","16":"loop-entry"},"jetpack_sharing_enabled":true,"_links":{"self":[{"href":"https:\/\/fpsoft.com.ar\/sfds2\/wp-json\/wp\/v2\/product\/6168","targetHints":{"allow":["GET"]}}],"collection":[{"href":"https:\/\/fpsoft.com.ar\/sfds2\/wp-json\/wp\/v2\/product"}],"about":[{"href":"https:\/\/fpsoft.com.ar\/sfds2\/wp-json\/wp\/v2\/types\/product"}],"replies":[{"embeddable":true,"href":"https:\/\/fpsoft.com.ar\/sfds2\/wp-json\/wp\/v2\/comments?post=6168"}],"wp:featuredmedia":[{"embeddable":true,"href":"https:\/\/fpsoft.com.ar\/sfds2\/wp-json\/wp\/v2\/media\/302"}],"wp:attachment":[{"href":"https:\/\/fpsoft.com.ar\/sfds2\/wp-json\/wp\/v2\/media?parent=6168"}],"wp:term":[{"taxonomy":"product_brand","embeddable":true,"href":"https:\/\/fpsoft.com.ar\/sfds2\/wp-json\/wp\/v2\/product_brand?post=6168"},{"taxonomy":"product_cat","embeddable":true,"href":"https:\/\/fpsoft.com.ar\/sfds2\/wp-json\/wp\/v2\/product_cat?post=6168"},{"taxonomy":"product_tag","embeddable":true,"href":"https:\/\/fpsoft.com.ar\/sfds2\/wp-json\/wp\/v2\/product_tag?post=6168"}],"curies":[{"name":"wp","href":"https:\/\/api.w.org\/{rel}","templated":true}]}}