{"id":6166,"date":"2026-04-12T17:55:47","date_gmt":"2026-04-12T17:55:47","guid":{"rendered":"https:\/\/fpsoft.com.ar\/sfds2\/?post_type=product&#038;p=6166"},"modified":"2026-05-06T21:32:27","modified_gmt":"2026-05-06T21:32:27","slug":"estereo-auto-frente-desmontable-fm-usb-aux-control-remoto","status":"publish","type":"product","link":"https:\/\/fpsoft.com.ar\/sfds2\/producto\/estereo-auto-frente-desmontable-fm-usb-aux-control-remoto\/","title":{"rendered":"Est\u00e9reo Auto Frente Desmontable Fm Usb Aux Control Remoto"},"content":{"rendered":"<p>STEREO PARA AUTO FRENTE DESMONTABLE \u2022 Instalaci\u00f3n sencilla y r\u00e1pida. Compatible con la mayor\u00eda de autos. \u2022 Funci\u00f3n radio FM que te permite disfrutar de tus emisoras favoritas con una recepci\u00f3n clara y sin interferencias. \u2022 Conecta f\u00e1cilmente cualquier dispositivo con conexi\u00f3n AUX, como tu celular, reproductor de MP3 o tablet, y disfruta de tu m\u00fasica a trav\u00e9s del sistema de sonido de tu auto. \u2022 La entrada USB permite conectar tu pendrive o memoria USB para reproduce directamente tus listas de canciones. \u2022 El control remoto te permite ajustar el volumen, cambiar canciones y estaciones de radio sin tener que tocar el est\u00e9reo directamente. \u2022 Su pantalla LED te permite la visualizaci\u00f3n de informaci\u00f3n.<\/p>\n","protected":false},"excerpt":{"rendered":"<p>STEREO PARA AUTO FRENTE DESMONTABLE \u2022 Instalaci\u00f3n sencilla y r\u00e1pida. Compatible con la mayor\u00eda de autos. \u2022 Funci\u00f3n radio FM que te permite disfrutar de tus emisoras favoritas con una recepci\u00f3n clara y sin interferencias. \u2022 Conecta f\u00e1cilmente cualquier dispositivo con conexi\u00f3n AUX, como tu celular, reproductor de MP3 o tablet, y disfruta de tu&#8230;<\/p>\n","protected":false},"featured_media":6190,"comment_status":"open","ping_status":"closed","template":"","meta":{"_kad_post_transparent":"","_kad_post_title":"","_kad_post_layout":"","_kad_post_sidebar_id":"","_kad_post_content_style":"","_kad_post_vertical_padding":"","_kad_post_feature":"","_kad_post_feature_position":"","_kad_post_header":false,"_kad_post_footer":false},"product_brand":[],"product_cat":[1135],"product_tag":[],"class_list":{"0":"post-6166","1":"product","2":"type-product","3":"status-publish","4":"has-post-thumbnail","6":"product_cat-accesorios-vehiculos","8":"first","9":"instock","10":"taxable","11":"shipping-taxable","12":"purchasable","13":"product-type-simple","14":"entry","15":"content-bg","16":"loop-entry"},"jetpack_sharing_enabled":true,"_links":{"self":[{"href":"https:\/\/fpsoft.com.ar\/sfds2\/wp-json\/wp\/v2\/product\/6166","targetHints":{"allow":["GET"]}}],"collection":[{"href":"https:\/\/fpsoft.com.ar\/sfds2\/wp-json\/wp\/v2\/product"}],"about":[{"href":"https:\/\/fpsoft.com.ar\/sfds2\/wp-json\/wp\/v2\/types\/product"}],"replies":[{"embeddable":true,"href":"https:\/\/fpsoft.com.ar\/sfds2\/wp-json\/wp\/v2\/comments?post=6166"}],"wp:featuredmedia":[{"embeddable":true,"href":"https:\/\/fpsoft.com.ar\/sfds2\/wp-json\/wp\/v2\/media\/6190"}],"wp:attachment":[{"href":"https:\/\/fpsoft.com.ar\/sfds2\/wp-json\/wp\/v2\/media?parent=6166"}],"wp:term":[{"taxonomy":"product_brand","embeddable":true,"href":"https:\/\/fpsoft.com.ar\/sfds2\/wp-json\/wp\/v2\/product_brand?post=6166"},{"taxonomy":"product_cat","embeddable":true,"href":"https:\/\/fpsoft.com.ar\/sfds2\/wp-json\/wp\/v2\/product_cat?post=6166"},{"taxonomy":"product_tag","embeddable":true,"href":"https:\/\/fpsoft.com.ar\/sfds2\/wp-json\/wp\/v2\/product_tag?post=6166"}],"curies":[{"name":"wp","href":"https:\/\/api.w.org\/{rel}","templated":true}]}}