{"id":6165,"date":"2026-04-12T17:55:46","date_gmt":"2026-04-12T17:55:46","guid":{"rendered":"https:\/\/fpsoft.com.ar\/sfds2\/?post_type=product&#038;p=6165"},"modified":"2026-05-06T21:32:27","modified_gmt":"2026-05-06T21:32:27","slug":"tensor-elastico-chato-calidad-zuncho-14-mts-moto-bicicleta","status":"publish","type":"product","link":"https:\/\/fpsoft.com.ar\/sfds2\/producto\/tensor-elastico-chato-calidad-zuncho-14-mts-moto-bicicleta\/","title":{"rendered":"Tensor El\u00e1stico Chato Calidad Zuncho 1,4 Mts Moto Bicicleta"},"content":{"rendered":"<p>SOGA ANCHA EL\u00c1STICA ZUNCHO Caracter\u00edsticas: &#8211; Largo: 1,4m. &#8211; sujeta equipajes en motos, bici o ba\u00fal del auto. &#8211; Ganchos de acero. &#8211; Soga tensor el\u00e1stico.<\/p>\n","protected":false},"excerpt":{"rendered":"<p>SOGA ANCHA EL\u00c1STICA ZUNCHO Caracter\u00edsticas: &#8211; Largo: 1,4m. &#8211; sujeta equipajes en motos, bici o ba\u00fal del auto. &#8211; Ganchos de acero. &#8211; Soga tensor el\u00e1stico.<\/p>\n","protected":false},"featured_media":6187,"comment_status":"open","ping_status":"closed","template":"","meta":{"_kad_post_transparent":"","_kad_post_title":"","_kad_post_layout":"","_kad_post_sidebar_id":"","_kad_post_content_style":"","_kad_post_vertical_padding":"","_kad_post_feature":"","_kad_post_feature_position":"","_kad_post_header":false,"_kad_post_footer":false},"product_brand":[],"product_cat":[1135],"product_tag":[],"class_list":{"0":"post-6165","1":"product","2":"type-product","3":"status-publish","4":"has-post-thumbnail","6":"product_cat-accesorios-vehiculos","8":"first","9":"instock","10":"taxable","11":"shipping-taxable","12":"purchasable","13":"product-type-simple","14":"entry","15":"content-bg","16":"loop-entry"},"jetpack_sharing_enabled":true,"_links":{"self":[{"href":"https:\/\/fpsoft.com.ar\/sfds2\/wp-json\/wp\/v2\/product\/6165","targetHints":{"allow":["GET"]}}],"collection":[{"href":"https:\/\/fpsoft.com.ar\/sfds2\/wp-json\/wp\/v2\/product"}],"about":[{"href":"https:\/\/fpsoft.com.ar\/sfds2\/wp-json\/wp\/v2\/types\/product"}],"replies":[{"embeddable":true,"href":"https:\/\/fpsoft.com.ar\/sfds2\/wp-json\/wp\/v2\/comments?post=6165"}],"wp:featuredmedia":[{"embeddable":true,"href":"https:\/\/fpsoft.com.ar\/sfds2\/wp-json\/wp\/v2\/media\/6187"}],"wp:attachment":[{"href":"https:\/\/fpsoft.com.ar\/sfds2\/wp-json\/wp\/v2\/media?parent=6165"}],"wp:term":[{"taxonomy":"product_brand","embeddable":true,"href":"https:\/\/fpsoft.com.ar\/sfds2\/wp-json\/wp\/v2\/product_brand?post=6165"},{"taxonomy":"product_cat","embeddable":true,"href":"https:\/\/fpsoft.com.ar\/sfds2\/wp-json\/wp\/v2\/product_cat?post=6165"},{"taxonomy":"product_tag","embeddable":true,"href":"https:\/\/fpsoft.com.ar\/sfds2\/wp-json\/wp\/v2\/product_tag?post=6165"}],"curies":[{"name":"wp","href":"https:\/\/api.w.org\/{rel}","templated":true}]}}