{"id":6163,"date":"2026-04-12T17:55:44","date_gmt":"2026-04-12T17:55:44","guid":{"rendered":"https:\/\/fpsoft.com.ar\/sfds2\/?post_type=product&#038;p=6163"},"modified":"2026-05-06T21:32:27","modified_gmt":"2026-05-06T21:32:27","slug":"linga-candado-seguridad-para-bicicleta-con-llave-reforzado","status":"publish","type":"product","link":"https:\/\/fpsoft.com.ar\/sfds2\/producto\/linga-candado-seguridad-para-bicicleta-con-llave-reforzado\/","title":{"rendered":"Linga Candado Seguridad Para Bicicleta Con Llave Reforzado"},"content":{"rendered":"<p>\u2022 TIEMPO DE ENTREGA APROX.: 3 A 5 D\u00cdAS H\u00c1BILES LINGA CANDADO CIERRE CON LLAVE M\u00e1xima seguridad para tu bicicleta. Su combinaci\u00f3n de seguridad, durabilidad y practicidad la convierte en un accesorio indispensable. Incluye un soporte dise\u00f1ado para que puedas transportar la linga de forma segura y c\u00f3moda en tu bicicleta cuando no la est\u00e9s utilizando, evitando que ocupe espacio en tu mochila o se convierta en un estorbo. Adem\u00e1s, viene con dos llaves, asegurando que siempre tengas un repuesto en caso de perderla. Color: Negro<\/p>\n","protected":false},"excerpt":{"rendered":"<p>\u2022 TIEMPO DE ENTREGA APROX.: 3 A 5 D\u00cdAS H\u00c1BILES LINGA CANDADO CIERRE CON LLAVE M\u00e1xima seguridad para tu bicicleta. Su combinaci\u00f3n de seguridad, durabilidad y practicidad la convierte en un accesorio indispensable. Incluye un soporte dise\u00f1ado para que puedas transportar la linga de forma segura y c\u00f3moda en tu bicicleta cuando no la est\u00e9s&#8230;<\/p>\n","protected":false},"featured_media":6181,"comment_status":"open","ping_status":"closed","template":"","meta":{"_kad_post_transparent":"","_kad_post_title":"","_kad_post_layout":"","_kad_post_sidebar_id":"","_kad_post_content_style":"","_kad_post_vertical_padding":"","_kad_post_feature":"","_kad_post_feature_position":"","_kad_post_header":false,"_kad_post_footer":false},"product_brand":[],"product_cat":[1135],"product_tag":[],"class_list":{"0":"post-6163","1":"product","2":"type-product","3":"status-publish","4":"has-post-thumbnail","6":"product_cat-accesorios-vehiculos","8":"first","9":"instock","10":"taxable","11":"shipping-taxable","12":"purchasable","13":"product-type-simple","14":"entry","15":"content-bg","16":"loop-entry"},"jetpack_sharing_enabled":true,"_links":{"self":[{"href":"https:\/\/fpsoft.com.ar\/sfds2\/wp-json\/wp\/v2\/product\/6163","targetHints":{"allow":["GET"]}}],"collection":[{"href":"https:\/\/fpsoft.com.ar\/sfds2\/wp-json\/wp\/v2\/product"}],"about":[{"href":"https:\/\/fpsoft.com.ar\/sfds2\/wp-json\/wp\/v2\/types\/product"}],"replies":[{"embeddable":true,"href":"https:\/\/fpsoft.com.ar\/sfds2\/wp-json\/wp\/v2\/comments?post=6163"}],"wp:featuredmedia":[{"embeddable":true,"href":"https:\/\/fpsoft.com.ar\/sfds2\/wp-json\/wp\/v2\/media\/6181"}],"wp:attachment":[{"href":"https:\/\/fpsoft.com.ar\/sfds2\/wp-json\/wp\/v2\/media?parent=6163"}],"wp:term":[{"taxonomy":"product_brand","embeddable":true,"href":"https:\/\/fpsoft.com.ar\/sfds2\/wp-json\/wp\/v2\/product_brand?post=6163"},{"taxonomy":"product_cat","embeddable":true,"href":"https:\/\/fpsoft.com.ar\/sfds2\/wp-json\/wp\/v2\/product_cat?post=6163"},{"taxonomy":"product_tag","embeddable":true,"href":"https:\/\/fpsoft.com.ar\/sfds2\/wp-json\/wp\/v2\/product_tag?post=6163"}],"curies":[{"name":"wp","href":"https:\/\/api.w.org\/{rel}","templated":true}]}}