{"id":6162,"date":"2026-04-12T17:55:43","date_gmt":"2026-04-12T17:55:43","guid":{"rendered":"https:\/\/fpsoft.com.ar\/sfds2\/?post_type=product&#038;p=6162"},"modified":"2026-05-06T21:32:27","modified_gmt":"2026-05-06T21:32:27","slug":"parlantes-para-auto-coaxiales-ts-g1320e-130mm-350w-2-vias","status":"publish","type":"product","link":"https:\/\/fpsoft.com.ar\/sfds2\/producto\/parlantes-para-auto-coaxiales-ts-g1320e-130mm-350w-2-vias\/","title":{"rendered":"Parlantes Para Auto Coaxiales Ts-g1320e 130mm 350w 2 V\u00edas"},"content":{"rendered":"<p>\u2022 TIEMPO DE ENTREGA APROX.: 3 A 5 D\u00cdAS H\u00c1BILES PARLANTES PARA AUTO COAXIALES TS-G1320E 130MM 350W 2 V\u00cdAS Caracter\u00edsticas: &#8211; La respuesta de frecuencia amplia ofrece una reproducci\u00f3n completa de graves y agudos. &#8211; Altavoz coaxial de 2 v\u00edas &#8211; Potencia nominal: 40W &#8211; Impedancia: 4 OHMS &#8211; Potencia m\u00e1x: 350W &#8211; Sensibilidad: 91dB &#8211; Tweeter: 40mm &#8211; Woofer: 130mm Color: Negro<\/p>\n","protected":false},"excerpt":{"rendered":"<p>\u2022 TIEMPO DE ENTREGA APROX.: 3 A 5 D\u00cdAS H\u00c1BILES PARLANTES PARA AUTO COAXIALES TS-G1320E 130MM 350W 2 V\u00cdAS Caracter\u00edsticas: &#8211; La respuesta de frecuencia amplia ofrece una reproducci\u00f3n completa de graves y agudos. &#8211; Altavoz coaxial de 2 v\u00edas &#8211; Potencia nominal: 40W &#8211; Impedancia: 4 OHMS &#8211; Potencia m\u00e1x: 350W &#8211; Sensibilidad: 91dB&#8230;<\/p>\n","protected":false},"featured_media":6178,"comment_status":"open","ping_status":"closed","template":"","meta":{"_kad_post_transparent":"","_kad_post_title":"","_kad_post_layout":"","_kad_post_sidebar_id":"","_kad_post_content_style":"","_kad_post_vertical_padding":"","_kad_post_feature":"","_kad_post_feature_position":"","_kad_post_header":false,"_kad_post_footer":false},"product_brand":[],"product_cat":[1135],"product_tag":[],"class_list":{"0":"post-6162","1":"product","2":"type-product","3":"status-publish","4":"has-post-thumbnail","6":"product_cat-accesorios-vehiculos","8":"first","9":"instock","10":"taxable","11":"shipping-taxable","12":"purchasable","13":"product-type-simple","14":"entry","15":"content-bg","16":"loop-entry"},"jetpack_sharing_enabled":true,"_links":{"self":[{"href":"https:\/\/fpsoft.com.ar\/sfds2\/wp-json\/wp\/v2\/product\/6162","targetHints":{"allow":["GET"]}}],"collection":[{"href":"https:\/\/fpsoft.com.ar\/sfds2\/wp-json\/wp\/v2\/product"}],"about":[{"href":"https:\/\/fpsoft.com.ar\/sfds2\/wp-json\/wp\/v2\/types\/product"}],"replies":[{"embeddable":true,"href":"https:\/\/fpsoft.com.ar\/sfds2\/wp-json\/wp\/v2\/comments?post=6162"}],"wp:featuredmedia":[{"embeddable":true,"href":"https:\/\/fpsoft.com.ar\/sfds2\/wp-json\/wp\/v2\/media\/6178"}],"wp:attachment":[{"href":"https:\/\/fpsoft.com.ar\/sfds2\/wp-json\/wp\/v2\/media?parent=6162"}],"wp:term":[{"taxonomy":"product_brand","embeddable":true,"href":"https:\/\/fpsoft.com.ar\/sfds2\/wp-json\/wp\/v2\/product_brand?post=6162"},{"taxonomy":"product_cat","embeddable":true,"href":"https:\/\/fpsoft.com.ar\/sfds2\/wp-json\/wp\/v2\/product_cat?post=6162"},{"taxonomy":"product_tag","embeddable":true,"href":"https:\/\/fpsoft.com.ar\/sfds2\/wp-json\/wp\/v2\/product_tag?post=6162"}],"curies":[{"name":"wp","href":"https:\/\/api.w.org\/{rel}","templated":true}]}}