{"id":6161,"date":"2026-04-12T17:55:42","date_gmt":"2026-04-12T17:55:42","guid":{"rendered":"https:\/\/fpsoft.com.ar\/sfds2\/?post_type=product&#038;p=6161"},"modified":"2026-05-06T21:32:27","modified_gmt":"2026-05-06T21:32:27","slug":"estereo-auto-con-frente-fijo-control-remoto-mp3-usb-fm-sd","status":"publish","type":"product","link":"https:\/\/fpsoft.com.ar\/sfds2\/producto\/estereo-auto-con-frente-fijo-control-remoto-mp3-usb-fm-sd\/","title":{"rendered":"Est\u00e9reo Auto Con Frente Fijo Control Remoto Mp3 Usb Fm Sd"},"content":{"rendered":"<p>\u2022 TIEMPO DE ENTREGA APROX.: 3 A 5 D\u00cdAS H\u00c1BILES ESTEREO PARA AUTO CON FRENTE FIJO Caracter\u00edsticas: &#8211; Dise\u00f1o moderno. &#8211; Cuenta con control remoto. &#8211; Entrada Auxiliar, conecta tus dispositivos externos con facilidad. &#8211; Conexi\u00f3n USB, reproduce m\u00fasica directamente desde tu memoria USB. &#8211; Sincronizaci\u00f3n FM, ideal para conectarte con las noticias, m\u00fasica y programas en vivo. &#8211; Incluye pantalla Display LED de alta visibilidad, f\u00e1cil de leer para llevar un control de tu m\u00fasica mas c\u00f3modo y r\u00e1pido. &#8211; Reproducci\u00f3n MP3 Y SD, disfruta de tu m\u00fasica en formato MP3 y desde tu tarjeta SD sin necesidad de cambiar de disco.<\/p>\n","protected":false},"excerpt":{"rendered":"<p>\u2022 TIEMPO DE ENTREGA APROX.: 3 A 5 D\u00cdAS H\u00c1BILES ESTEREO PARA AUTO CON FRENTE FIJO Caracter\u00edsticas: &#8211; Dise\u00f1o moderno. &#8211; Cuenta con control remoto. &#8211; Entrada Auxiliar, conecta tus dispositivos externos con facilidad. &#8211; Conexi\u00f3n USB, reproduce m\u00fasica directamente desde tu memoria USB. &#8211; Sincronizaci\u00f3n FM, ideal para conectarte con las noticias, m\u00fasica y&#8230;<\/p>\n","protected":false},"featured_media":6175,"comment_status":"open","ping_status":"closed","template":"","meta":{"_kad_post_transparent":"","_kad_post_title":"","_kad_post_layout":"","_kad_post_sidebar_id":"","_kad_post_content_style":"","_kad_post_vertical_padding":"","_kad_post_feature":"","_kad_post_feature_position":"","_kad_post_header":false,"_kad_post_footer":false},"product_brand":[],"product_cat":[1135],"product_tag":[],"class_list":{"0":"post-6161","1":"product","2":"type-product","3":"status-publish","4":"has-post-thumbnail","6":"product_cat-accesorios-vehiculos","8":"first","9":"instock","10":"taxable","11":"shipping-taxable","12":"purchasable","13":"product-type-simple","14":"entry","15":"content-bg","16":"loop-entry"},"jetpack_sharing_enabled":true,"_links":{"self":[{"href":"https:\/\/fpsoft.com.ar\/sfds2\/wp-json\/wp\/v2\/product\/6161","targetHints":{"allow":["GET"]}}],"collection":[{"href":"https:\/\/fpsoft.com.ar\/sfds2\/wp-json\/wp\/v2\/product"}],"about":[{"href":"https:\/\/fpsoft.com.ar\/sfds2\/wp-json\/wp\/v2\/types\/product"}],"replies":[{"embeddable":true,"href":"https:\/\/fpsoft.com.ar\/sfds2\/wp-json\/wp\/v2\/comments?post=6161"}],"wp:featuredmedia":[{"embeddable":true,"href":"https:\/\/fpsoft.com.ar\/sfds2\/wp-json\/wp\/v2\/media\/6175"}],"wp:attachment":[{"href":"https:\/\/fpsoft.com.ar\/sfds2\/wp-json\/wp\/v2\/media?parent=6161"}],"wp:term":[{"taxonomy":"product_brand","embeddable":true,"href":"https:\/\/fpsoft.com.ar\/sfds2\/wp-json\/wp\/v2\/product_brand?post=6161"},{"taxonomy":"product_cat","embeddable":true,"href":"https:\/\/fpsoft.com.ar\/sfds2\/wp-json\/wp\/v2\/product_cat?post=6161"},{"taxonomy":"product_tag","embeddable":true,"href":"https:\/\/fpsoft.com.ar\/sfds2\/wp-json\/wp\/v2\/product_tag?post=6161"}],"curies":[{"name":"wp","href":"https:\/\/api.w.org\/{rel}","templated":true}]}}