{"id":5337,"date":"2025-03-22T12:24:12","date_gmt":"2025-03-22T12:24:12","guid":{"rendered":"https:\/\/fpsoft.com.ar\/sfds2\/?post_type=product&#038;p=5337"},"modified":"2025-03-22T12:26:16","modified_gmt":"2025-03-22T12:26:16","slug":"perchero-organizador-estantes-multifuncional-con-ruedas-2","status":"publish","type":"product","link":"https:\/\/fpsoft.com.ar\/sfds2\/producto\/perchero-organizador-estantes-multifuncional-con-ruedas-2\/","title":{"rendered":"Perchero Organizador Estantes Multifuncional Con Ruedas"},"content":{"rendered":"<p>PERCHERO ORGANIZADOR CON RUEDAS &#8211; Este organizador te permite colgar tus prendas favoritas sin que se arruguen, ordenar tus zapatos y bolsos en los estantes. &#8211; Sus ruedas resistentes te permiten moverlo sin esfuerzo de una habitaci\u00f3n a otra, adapt\u00e1ndose a tus necesidades en cada momento. &#8211; Ya sea en tu habitaci\u00f3n, vestidor o incluso como soluci\u00f3n extra de almacenamiento, este organizador multiuso te brinda la versatilidad que necesitas para mantener todo impecable y a la vista. Color: Blanco<\/p>\n","protected":false},"excerpt":{"rendered":"<p>PERCHERO ORGANIZADOR CON RUEDAS &#8211; Este organizador te permite colgar tus prendas favoritas sin que se arruguen, ordenar tus zapatos y bolsos en los estantes. &#8211; Sus ruedas resistentes te permiten moverlo sin esfuerzo de una habitaci\u00f3n a otra, adapt\u00e1ndose a tus necesidades en cada momento. &#8211; Ya sea en tu habitaci\u00f3n, vestidor o incluso&#8230;<\/p>\n","protected":false},"featured_media":5363,"comment_status":"open","ping_status":"closed","template":"","meta":{"_kad_post_transparent":"","_kad_post_title":"","_kad_post_layout":"","_kad_post_sidebar_id":"","_kad_post_content_style":"","_kad_post_vertical_padding":"","_kad_post_feature":"","_kad_post_feature_position":"","_kad_post_header":false,"_kad_post_footer":false},"product_brand":[],"product_cat":[37],"product_tag":[],"class_list":{"0":"post-5337","1":"product","2":"type-product","3":"status-publish","4":"has-post-thumbnail","6":"product_cat-hogaryjardin","8":"first","9":"outofstock","10":"taxable","11":"shipping-taxable","12":"purchasable","13":"product-type-simple","14":"entry","15":"content-bg","16":"loop-entry"},"jetpack_sharing_enabled":true,"_links":{"self":[{"href":"https:\/\/fpsoft.com.ar\/sfds2\/wp-json\/wp\/v2\/product\/5337","targetHints":{"allow":["GET"]}}],"collection":[{"href":"https:\/\/fpsoft.com.ar\/sfds2\/wp-json\/wp\/v2\/product"}],"about":[{"href":"https:\/\/fpsoft.com.ar\/sfds2\/wp-json\/wp\/v2\/types\/product"}],"replies":[{"embeddable":true,"href":"https:\/\/fpsoft.com.ar\/sfds2\/wp-json\/wp\/v2\/comments?post=5337"}],"wp:featuredmedia":[{"embeddable":true,"href":"https:\/\/fpsoft.com.ar\/sfds2\/wp-json\/wp\/v2\/media\/5363"}],"wp:attachment":[{"href":"https:\/\/fpsoft.com.ar\/sfds2\/wp-json\/wp\/v2\/media?parent=5337"}],"wp:term":[{"taxonomy":"product_brand","embeddable":true,"href":"https:\/\/fpsoft.com.ar\/sfds2\/wp-json\/wp\/v2\/product_brand?post=5337"},{"taxonomy":"product_cat","embeddable":true,"href":"https:\/\/fpsoft.com.ar\/sfds2\/wp-json\/wp\/v2\/product_cat?post=5337"},{"taxonomy":"product_tag","embeddable":true,"href":"https:\/\/fpsoft.com.ar\/sfds2\/wp-json\/wp\/v2\/product_tag?post=5337"}],"curies":[{"name":"wp","href":"https:\/\/api.w.org\/{rel}","templated":true}]}}